{"id":110,"date":"2014-05-02T13:51:36","date_gmt":"2014-05-02T11:51:36","guid":{"rendered":"https:\/\/feuerwehrwoltershausen.de\/feuerwehrwoltershausen2026\/2014\/05\/02\/rauchmelder\/"},"modified":"2026-01-31T12:49:56","modified_gmt":"2026-01-31T11:49:56","slug":"rauchmelder","status":"publish","type":"page","link":"https:\/\/feuerwehrwoltershausen.de\/feuerwehrwoltershausen\/rauchmelder\/","title":{"rendered":"Rauchmelder"},"content":{"rendered":"\n<p>Rauchmelder k\u00f6nnen Leben retten. Bei einem Wohnungsbrand stirbt die Mehrheit durch eine Rauchvergiftung. Oftmals wird man vom Feuer \u00fcberrascht und bemerkt es garnicht oder erst wenn es zu sp\u00e4t ist. Deswegen sind Rauchmelder Lebensretter, welche noch nicht einmal viel Kosten!<\/p>\n\n\n\n<p>Aus diesem Grund hersscht in Niedersachsen folgende Gesetzgebung:<\/p>\n\n\n\n<p><strong>Einbaupflicht<\/strong><\/p>\n\n\n\n<ul class=\"wp-block-list\">\n<li>f\u00fcr bestehende Wohnungen: bis 31.12.2015<\/li>\n\n\n\n<li>in Schlafr\u00e4umen, Kinderzimmern sowie Flure, \u00fcber die Rettungswege von Aufenthaltsr\u00e4umen f\u00fchren<\/li>\n<\/ul>\n\n\n\n<p><strong>Verantwortlich<\/strong><\/p>\n\n\n\n<ul class=\"wp-block-list\">\n<li>f\u00fcr den Einbau: Eigent\u00fcmer<\/li>\n\n\n\n<li>f\u00fcr die Sicherstellung der Betriebsbereitschaft: Mieter, P\u00e4chter, sonstige Nutzungsberechtigte oder andere Personen, die die tats\u00e4chliche Gewalt \u00fcber die Wohnung aus\u00fcben.<\/li>\n<\/ul>\n\n\n\n<p>Quelle: <a href=\"https:\/\/gesetze.io\/gesetze\/ni\/nbauo\/44\" target=\"_blank\" rel=\"noopener noreferrer\">NBauO \u00a744 Absatz 5<\/a><\/p>\n\n\n\n<p><\/p>\n","protected":false},"excerpt":{"rendered":"<p>Rauchmelder k\u00f6nnen Leben retten. Bei einem Wohnungsbrand stirbt die Mehrheit durch eine Rauchvergiftung. Oftmals wird man vom Feuer \u00fcberrascht und bemerkt es garnicht oder erst wenn es zu sp\u00e4t ist. [&hellip;]<\/p>\n","protected":false},"author":1,"featured_media":0,"parent":0,"menu_order":9,"comment_status":"closed","ping_status":"open","template":"","meta":{"_lmt_disableupdate":"","_lmt_disable":"","site-sidebar-layout":"default","site-content-layout":"","ast-site-content-layout":"default","site-content-style":"default","site-sidebar-style":"default","ast-global-header-display":"","ast-banner-title-visibility":"","ast-main-header-display":"","ast-hfb-above-header-display":"","ast-hfb-below-header-display":"","ast-hfb-mobile-header-display":"","site-post-title":"","ast-breadcrumbs-content":"","ast-featured-img":"","footer-sml-layout":"","ast-disable-related-posts":"","theme-transparent-header-meta":"","adv-header-id-meta":"","stick-header-meta":"","header-above-stick-meta":"","header-main-stick-meta":"","header-below-stick-meta":"","astra-migrate-meta-layouts":"default","ast-page-background-enabled":"default","ast-page-background-meta":{"desktop":{"background-color":"var(--ast-global-color-5)","background-image":"","background-repeat":"repeat","background-position":"center center","background-size":"auto","background-attachment":"scroll","background-type":"","background-media":"","overlay-type":"","overlay-color":"","overlay-opacity":"","overlay-gradient":""},"tablet":{"background-color":"","background-image":"","background-repeat":"repeat","background-position":"center center","background-size":"auto","background-attachment":"scroll","background-type":"","background-media":"","overlay-type":"","overlay-color":"","overlay-opacity":"","overlay-gradient":""},"mobile":{"background-color":"","background-image":"","background-repeat":"repeat","background-position":"center center","background-size":"auto","background-attachment":"scroll","background-type":"","background-media":"","overlay-type":"","overlay-color":"","overlay-opacity":"","overlay-gradient":""}},"ast-content-background-meta":{"desktop":{"background-color":"var(--ast-global-color-4)","background-image":"","background-repeat":"repeat","background-position":"center center","background-size":"auto","background-attachment":"scroll","background-type":"","background-media":"","overlay-type":"","overlay-color":"","overlay-opacity":"","overlay-gradient":""},"tablet":{"background-color":"var(--ast-global-color-4)","background-image":"","background-repeat":"repeat","background-position":"center center","background-size":"auto","background-attachment":"scroll","background-type":"","background-media":"","overlay-type":"","overlay-color":"","overlay-opacity":"","overlay-gradient":""},"mobile":{"background-color":"var(--ast-global-color-4)","background-image":"","background-repeat":"repeat","background-position":"center center","background-size":"auto","background-attachment":"scroll","background-type":"","background-media":"","overlay-type":"","overlay-color":"","overlay-opacity":"","overlay-gradient":""}},"footnotes":""},"class_list":["post-110","page","type-page","status-publish","hentry"],"_links":{"self":[{"href":"https:\/\/feuerwehrwoltershausen.de\/feuerwehrwoltershausen\/wp-json\/wp\/v2\/pages\/110","targetHints":{"allow":["GET"]}}],"collection":[{"href":"https:\/\/feuerwehrwoltershausen.de\/feuerwehrwoltershausen\/wp-json\/wp\/v2\/pages"}],"about":[{"href":"https:\/\/feuerwehrwoltershausen.de\/feuerwehrwoltershausen\/wp-json\/wp\/v2\/types\/page"}],"author":[{"embeddable":true,"href":"https:\/\/feuerwehrwoltershausen.de\/feuerwehrwoltershausen\/wp-json\/wp\/v2\/users\/1"}],"replies":[{"embeddable":true,"href":"https:\/\/feuerwehrwoltershausen.de\/feuerwehrwoltershausen\/wp-json\/wp\/v2\/comments?post=110"}],"version-history":[{"count":2,"href":"https:\/\/feuerwehrwoltershausen.de\/feuerwehrwoltershausen\/wp-json\/wp\/v2\/pages\/110\/revisions"}],"predecessor-version":[{"id":716,"href":"https:\/\/feuerwehrwoltershausen.de\/feuerwehrwoltershausen\/wp-json\/wp\/v2\/pages\/110\/revisions\/716"}],"wp:attachment":[{"href":"https:\/\/feuerwehrwoltershausen.de\/feuerwehrwoltershausen\/wp-json\/wp\/v2\/media?parent=110"}],"curies":[{"name":"wp","href":"https:\/\/api.w.org\/{rel}","templated":true}]}}