{"id":112,"date":"2014-05-02T13:50:36","date_gmt":"2014-05-02T11:50:36","guid":{"rendered":"https:\/\/feuerwehrwoltershausen.de\/feuerwehrwoltershausen2026\/2014\/05\/02\/notruf\/"},"modified":"2026-01-31T12:49:56","modified_gmt":"2026-01-31T11:49:56","slug":"notruf","status":"publish","type":"page","link":"https:\/\/feuerwehrwoltershausen.de\/feuerwehrwoltershausen\/notruf\/","title":{"rendered":"Notruf"},"content":{"rendered":"\n<p>Es gibt viele Situationen, wo Sie oder ihre Mitmenschen Hilfe ben\u00f6tigen.<br>Einige w\u00e4ren zum Beispiel:<\/p>\n\n\n\n<ul class=\"wp-block-list\">\n<li>Ein Verkehrsunfall<\/li>\n\n\n\n<li>Ein Brand<\/li>\n\n\n\n<li>Ein Herzinfarkt<\/li>\n<\/ul>\n\n\n\n<p>F\u00fcr solche Situationen brauchen Sie sich nur die europaweite Notrufnummer merken:<\/p>\n\n\n\n<p><strong>1 1 2<\/strong><\/p>\n\n\n\n<p>Unter dieser Notrufnummer erreichen Sie rund um die Uhr eine Leitstelle, welche speziell geschultes Personal besitzt, um Ihnen umgehend zu helfen.<\/p>\n\n\n\n<p>Im <strong>Landkreis Hildesheim<\/strong> landet ihr Anruf in der Leitstelle der <strong>Berufsfeuerwehr in Hildesheim<\/strong>.<\/p>\n\n\n\n<p><strong>Wie l\u00e4uft der Anruf ab?<\/strong><\/p>\n\n\n\n<p>W\u00e4hlen Sie die Notrufnummer geht der Anruf in der Leitstelle ein und das Personal (Leitstellendisponent) nimmt Ihren Anruf entgegen und leitet Sie durch das Gespr\u00e4ch. &nbsp;Bleiben Sie ruhig und antworten Sie entsprechend dem Leitstellendisponent. Der Situation angepasst wird Ihnen nun schnellstm\u00f6glich Hilfe geschickt.<\/p>\n\n\n\n<p><strong>Wie sieht das mit Scherzanrufen aus?<\/strong><\/p>\n\n\n\n<p>Gem\u00e4\u00df \u00a7145 StGB sind absichtliche bzw. wissentliche Scherzanrufe strafbar und werden mit Freiheits- und Geldstrafen bestraft.<\/p>\n\n\n\n<p>Quelle: <a href=\"http:\/\/www.gesetze-im-internet.de\/stgb\/__145.html\" target=\"_blank\" rel=\"noopener noreferrer\">\u00a7145 StGB<\/a><\/p>\n\n\n\n<p>Auch bei unterdr\u00fcckter Rufnummer wird diese automatisch mit \u00fcbermittelt.<\/p>\n\n\n\n<p>Trotzdem gilt: Lieber einmal zu viel um Hilfe gerufen, als einmal zu wenig. Jeder Anruf wird Ihnen gedankt, also haben sie keine Scheu davor im Notfall anzurufen.<\/p>\n","protected":false},"excerpt":{"rendered":"<p>Es gibt viele Situationen, wo Sie oder ihre Mitmenschen Hilfe ben\u00f6tigen.Einige w\u00e4ren zum Beispiel: F\u00fcr solche Situationen brauchen Sie sich nur die europaweite Notrufnummer merken: 1 1 2 Unter dieser [&hellip;]<\/p>\n","protected":false},"author":1,"featured_media":0,"parent":0,"menu_order":10,"comment_status":"closed","ping_status":"open","template":"","meta":{"_lmt_disableupdate":"","_lmt_disable":"","site-sidebar-layout":"default","site-content-layout":"","ast-site-content-layout":"default","site-content-style":"default","site-sidebar-style":"default","ast-global-header-display":"","ast-banner-title-visibility":"","ast-main-header-display":"","ast-hfb-above-header-display":"","ast-hfb-below-header-display":"","ast-hfb-mobile-header-display":"","site-post-title":"","ast-breadcrumbs-content":"","ast-featured-img":"","footer-sml-layout":"","ast-disable-related-posts":"","theme-transparent-header-meta":"","adv-header-id-meta":"","stick-header-meta":"","header-above-stick-meta":"","header-main-stick-meta":"","header-below-stick-meta":"","astra-migrate-meta-layouts":"default","ast-page-background-enabled":"default","ast-page-background-meta":{"desktop":{"background-color":"var(--ast-global-color-5)","background-image":"","background-repeat":"repeat","background-position":"center center","background-size":"auto","background-attachment":"scroll","background-type":"","background-media":"","overlay-type":"","overlay-color":"","overlay-opacity":"","overlay-gradient":""},"tablet":{"background-color":"","background-image":"","background-repeat":"repeat","background-position":"center center","background-size":"auto","background-attachment":"scroll","background-type":"","background-media":"","overlay-type":"","overlay-color":"","overlay-opacity":"","overlay-gradient":""},"mobile":{"background-color":"","background-image":"","background-repeat":"repeat","background-position":"center center","background-size":"auto","background-attachment":"scroll","background-type":"","background-media":"","overlay-type":"","overlay-color":"","overlay-opacity":"","overlay-gradient":""}},"ast-content-background-meta":{"desktop":{"background-color":"var(--ast-global-color-4)","background-image":"","background-repeat":"repeat","background-position":"center center","background-size":"auto","background-attachment":"scroll","background-type":"","background-media":"","overlay-type":"","overlay-color":"","overlay-opacity":"","overlay-gradient":""},"tablet":{"background-color":"var(--ast-global-color-4)","background-image":"","background-repeat":"repeat","background-position":"center center","background-size":"auto","background-attachment":"scroll","background-type":"","background-media":"","overlay-type":"","overlay-color":"","overlay-opacity":"","overlay-gradient":""},"mobile":{"background-color":"var(--ast-global-color-4)","background-image":"","background-repeat":"repeat","background-position":"center center","background-size":"auto","background-attachment":"scroll","background-type":"","background-media":"","overlay-type":"","overlay-color":"","overlay-opacity":"","overlay-gradient":""}},"footnotes":""},"class_list":["post-112","page","type-page","status-publish","hentry"],"_links":{"self":[{"href":"https:\/\/feuerwehrwoltershausen.de\/feuerwehrwoltershausen\/wp-json\/wp\/v2\/pages\/112","targetHints":{"allow":["GET"]}}],"collection":[{"href":"https:\/\/feuerwehrwoltershausen.de\/feuerwehrwoltershausen\/wp-json\/wp\/v2\/pages"}],"about":[{"href":"https:\/\/feuerwehrwoltershausen.de\/feuerwehrwoltershausen\/wp-json\/wp\/v2\/types\/page"}],"author":[{"embeddable":true,"href":"https:\/\/feuerwehrwoltershausen.de\/feuerwehrwoltershausen\/wp-json\/wp\/v2\/users\/1"}],"replies":[{"embeddable":true,"href":"https:\/\/feuerwehrwoltershausen.de\/feuerwehrwoltershausen\/wp-json\/wp\/v2\/comments?post=112"}],"version-history":[{"count":2,"href":"https:\/\/feuerwehrwoltershausen.de\/feuerwehrwoltershausen\/wp-json\/wp\/v2\/pages\/112\/revisions"}],"predecessor-version":[{"id":705,"href":"https:\/\/feuerwehrwoltershausen.de\/feuerwehrwoltershausen\/wp-json\/wp\/v2\/pages\/112\/revisions\/705"}],"wp:attachment":[{"href":"https:\/\/feuerwehrwoltershausen.de\/feuerwehrwoltershausen\/wp-json\/wp\/v2\/media?parent=112"}],"curies":[{"name":"wp","href":"https:\/\/api.w.org\/{rel}","templated":true}]}}