{"id":121,"date":"2014-05-02T13:49:24","date_gmt":"2014-05-02T11:49:24","guid":{"rendered":"https:\/\/feuerwehrwoltershausen.de\/feuerwehrwoltershausen2026\/2014\/05\/02\/kinderfeuerwehr\/"},"modified":"2026-02-05T20:21:30","modified_gmt":"2026-02-05T19:21:30","slug":"kinderfeuerwehr","status":"publish","type":"page","link":"https:\/\/feuerwehrwoltershausen.de\/feuerwehrwoltershausen\/kinderfeuerwehr\/","title":{"rendered":"Kinderfeuerwehr"},"content":{"rendered":"\n<p>Bei uns in der Freiwilligen Feuerwehr besteht die M\u00f6glichkeit, Mitglied der Kinderfeuerwehr zu sein. Mitglied der Kinderfeuerwehr kann ihr Kind sein, wenn es das 6. Lebensjahr, aber noch nicht das 10. Lebensjahr vollendet hat. Im spielerischen und altersgerechten Umgang werden den Kindern verschiedene Themen beigebracht. Neben Feuerwehr, Brandschutz, Verkehrserziehung und Verhalten in Notsituationen, sollen auch durch sportliche Aktivit\u00e4ten das Miteinander und die N\u00e4chstenhilfe gef\u00f6rdert werden. Begeistern Sie ihr Kind gerne und schauen Sie doch einfach mal bei den \u00dcbungsabende vorbei.<\/p>\n\n\n\n<h3 class=\"wp-block-heading\">Nachfolgend ein paar Kerndaten zu unserer Kinderfeuerwehr<\/h3>\n\n\n\n<ul class=\"wp-block-list\">\n<li>Start der Kinderfeuerwehr 12.05.2004<\/li>\n\n\n\n<li>Pause der Kinderfeuerwehr 12.05.2014 &#8211; 18.08.2019<\/li>\n\n\n\n<li>Wiederer\u00f6ffnung der Kinderfeuerwehr seit dem 19.08.2019<\/li>\n<\/ul>\n\n\n\n<h3 class=\"wp-block-heading\">\u00dcbungsdienste<\/h3>\n\n\n\n<ul class=\"wp-block-list\">\n<li>Wann: alle 2 Wochen Montags von 17:00 Uhr bis 18:00 Uhr (ausgenommen die Schulferien)<\/li>\n\n\n\n<li>Wo: Feuerwehrhaus Woltershausen, Hoher Weg 19, 31195 Lamspringe \/Woltershausen<\/li>\n<\/ul>\n\n\n\n<h3 class=\"wp-block-heading\">Ansprechpartnerin<\/h3>\n\n\n<div class='rt-container-fluid rt-team-container rt-pos-r rt-team-container-655' id='rt-team-container-1995358739'  data-layout='layout1' data-desktop-col='1'  data-tab-col='1'  data-mobile-col='1' data-sc-id='655' data-popup-bg=''><div data-title='Loading ...' class='rt-row rt-content-loader layout1 ttp-even ttp-pre-loader'><div class=\"rt-col-md-12 rt-col-sm-12 rt-col-xs-12  even-grid-item rt-grid-item\" data-id=\"617\"><div class=\"single-team-area\"><div class=\"single-team\"><figure><a class=\"\" data-id=\"617\" target=\"_self\" href=\"https:\/\/feuerwehrwoltershausen.de\/feuerwehrwoltershausen\/team\/jennifer-witte-markgraefe\/\"><img loading=\"lazy\" decoding=\"async\" width=\"800\" height=\"1200\" src=\"https:\/\/feuerwehrwoltershausen.de\/feuerwehrwoltershausen\/wp-content\/uploads\/2014\/05\/jennifer_witte-markgraefe.png\" class=\"img-responsive rt-team-img\" alt=\"Bild von Kinderfeuerwehrwartin\" \/><\/a><\/figure><\/div><div class=\"tlp-content\"><h3><span class=\"team-name\"><a class=\"\" data-id=\"617\" target=\"_self\" title=\"Jennifer Witte-Markgr\u00e4fe\" href=\"https:\/\/feuerwehrwoltershausen.de\/feuerwehrwoltershausen\/team\/jennifer-witte-markgraefe\/\">Jennifer Witte-Markgr\u00e4fe<\/a><\/span><\/h3><div class=\"tlp-position\"><a class=\"\" data-id=\"617\" target=\"_self\" title=\"Jennifer Witte-Markgr\u00e4fe\" href=\"https:\/\/feuerwehrwoltershausen.de\/feuerwehrwoltershausen\/team\/jennifer-witte-markgraefe\/\">2. Gruppenf\u00fchrerin, Kinderfeuerwehrwartin<\/a><\/div><\/div><div class=\"contact-info\"><ul><li class=\"tlp-phone\"><i class=\"fa fa-phone-alt\"><\/i><a href=\"tel:015775002856\" class=\"tlp-phone\">015775002856<\/a><\/li><\/ul><\/div><div class=\"readmore-btn hirme-resume\"><\/div><div class=\"readmore-btn tlp-readmore-button\"><a class=\"rt-ream-me-btn\" data-id=\"617\" target=\"_self\" title=\"Jennifer Witte-Markgr\u00e4fe\" href=\"https:\/\/feuerwehrwoltershausen.de\/feuerwehrwoltershausen\/team\/jennifer-witte-markgraefe\/\">Read More<\/a><\/div><\/div><\/div><div class=\"rt-loading-overlay\"><\/div><div class=\"rt-loading rt-ball-clip-rotate\"><div><\/div><\/div><\/div><\/div>\n\n\n<h3 class=\"wp-block-heading\">Auf ihr Kind freuen sich<\/h3>\n\n\n\n<figure class=\"wp-block-image size-full is-resized\"><img loading=\"lazy\" decoding=\"async\" width=\"800\" height=\"450\" src=\"https:\/\/feuerwehrwoltershausen.de\/feuerwehrwoltershausen2026\/wp-content\/uploads\/2026\/01\/kinderfeuerwehr.webp\" alt=\"\" class=\"wp-image-661\" style=\"width:1200px;height:auto\" srcset=\"https:\/\/feuerwehrwoltershausen.de\/feuerwehrwoltershausen\/wp-content\/uploads\/2026\/01\/kinderfeuerwehr.webp 800w, https:\/\/feuerwehrwoltershausen.de\/feuerwehrwoltershausen\/wp-content\/uploads\/2026\/01\/kinderfeuerwehr-300x169.webp 300w, https:\/\/feuerwehrwoltershausen.de\/feuerwehrwoltershausen\/wp-content\/uploads\/2026\/01\/kinderfeuerwehr-768x432.webp 768w\" sizes=\"auto, (max-width: 800px) 100vw, 800px\" \/><figcaption class=\"wp-element-caption\">v.L. Jana Aselmeier, Maskottchen Hugo das Huhn, S\u00f6ren Wolf, Jennifer Witte-Markgr\u00e4fe<\/figcaption><\/figure>\n\n\n\n<h2 class=\"wp-block-heading\">Das Logo der Kinderfeuerwehr<\/h2>\n\n\n\n<figure class=\"wp-block-image size-full is-style-default wp-duotone-unset-1\"><img loading=\"lazy\" decoding=\"async\" width=\"800\" height=\"705\" src=\"https:\/\/feuerwehrwoltershausen.de\/feuerwehrwoltershausen2026\/wp-content\/uploads\/2014\/05\/Kinderfeuerwehr.jpg\" alt=\"...\" class=\"wp-image-120\" srcset=\"https:\/\/feuerwehrwoltershausen.de\/feuerwehrwoltershausen\/wp-content\/uploads\/2014\/05\/Kinderfeuerwehr.jpg 800w, https:\/\/feuerwehrwoltershausen.de\/feuerwehrwoltershausen\/wp-content\/uploads\/2014\/05\/Kinderfeuerwehr-300x264.jpg 300w, https:\/\/feuerwehrwoltershausen.de\/feuerwehrwoltershausen\/wp-content\/uploads\/2014\/05\/Kinderfeuerwehr-768x677.jpg 768w\" sizes=\"auto, (max-width: 800px) 100vw, 800px\" \/><\/figure>\n\n\n\n<h2 class=\"wp-block-heading has-text-align-center\">Termine der Kinderfeuerwehr 2026<\/h2>\n\n\n\n<p class=\"has-text-align-center\">Zeitraum: Montags 17:00 Uhr bis 18:00 Uhr<\/p>\n\n\n\n<figure class=\"wp-block-table is-style-stripes\"><table class=\"has-fixed-layout\"><tbody><tr><td class=\"has-text-align-center\" data-align=\"center\">12.01.2026<\/td><td class=\"has-text-align-center\" data-align=\"center\">Jahresbeginn mit Kakao, Spielen und Adventsfenster abschm\u00fccken<\/td><\/tr><tr><td class=\"has-text-align-center\" data-align=\"center\">26.01.2026<\/td><td class=\"has-text-align-center\" data-align=\"center\">Schutzma\u00dfnahmen (Experiment)<\/td><\/tr><tr><td class=\"has-text-align-center\" data-align=\"center\">09.02.2026<\/td><td class=\"has-text-align-center\" data-align=\"center\">Verkehrserziehung<\/td><\/tr><tr><td class=\"has-text-align-center\" data-align=\"center\">23.02.2026<\/td><td class=\"has-text-align-center\" data-align=\"center\">Fr\u00fchlingsabasteln<\/td><\/tr><tr><td class=\"has-text-align-center\" data-align=\"center\">09.03.2026<\/td><td class=\"has-text-align-center\" data-align=\"center\">unser kleines Osterfeuer mit Stockbrot und Ostereiersuche<\/td><\/tr><tr><td class=\"has-text-align-center\" data-align=\"center\"><strong>Osterferien<\/strong><\/td><td class=\"has-text-align-center\" data-align=\"center\"><\/td><\/tr><tr><td class=\"has-text-align-center\" data-align=\"center\">20.04.2026<\/td><td class=\"has-text-align-center\" data-align=\"center\">Vermiste Person (bergen)<\/td><\/tr><tr><td class=\"has-text-align-center\" data-align=\"center\">04.05.2026<\/td><td class=\"has-text-align-center\" data-align=\"center\">Notruf absetzen, die 5 W-Fragen (retten<\/td><\/tr><tr><td class=\"has-text-align-center\" data-align=\"center\">18.05.2026<\/td><td class=\"has-text-align-center\" data-align=\"center\">Ger\u00e4tekunde am eigenen Fahrzeug (sch\u00fctzen)<\/td><\/tr><tr><td class=\"has-text-align-center\" data-align=\"center\">01.06.2026<\/td><td class=\"has-text-align-center\" data-align=\"center\">L\u00f6schangriff mnit der K\u00fcbelspritze (l\u00f6schen)<\/td><\/tr><tr><td class=\"has-text-align-center\" data-align=\"center\">15.06.2026<\/td><td class=\"has-text-align-center\" data-align=\"center\">Wiederholen retten, sch\u00fctzen, bergen, l\u00f6schen<\/td><\/tr><tr><td class=\"has-text-align-center\" data-align=\"center\">29.06.2026<\/td><td class=\"has-text-align-center\" data-align=\"center\">Halbjahresabschluss mit Familie<\/td><\/tr><tr><td class=\"has-text-align-center\" data-align=\"center\"><strong>Sommerferien<\/strong><\/td><td class=\"has-text-align-center\" data-align=\"center\"><\/td><\/tr><tr><td class=\"has-text-align-center\" data-align=\"center\">24.08.2026<\/td><td class=\"has-text-align-center\" data-align=\"center\">Asser marsch, bitte bringt Badesachen mit (evtl. in Lamspringe mit der Kinderfeuerwehr zusammen)<\/td><\/tr><tr><td class=\"has-text-align-center\" data-align=\"center\">07.09.2026<\/td><td class=\"has-text-align-center\" data-align=\"center\">Kleine Helfer f\u00fcr die Umwelt<\/td><\/tr><tr><td class=\"has-text-align-center\" data-align=\"center\">21.09.2026<\/td><td class=\"has-text-align-center\" data-align=\"center\">\u00d6l-Spur, was nun<\/td><\/tr><tr><td class=\"has-text-align-center\" data-align=\"center\">05.10.2026<\/td><td class=\"has-text-align-center\" data-align=\"center\">K\u00fcrbis schnitzen (evtl- mit der Kinderfeurewehr Neuhof zusammen)<\/td><\/tr><tr><td class=\"has-text-align-center\" data-align=\"center\"><strong>Herbstferien<\/strong><\/td><td class=\"has-text-align-center\" data-align=\"center\"><\/td><\/tr><tr><td class=\"has-text-align-center\" data-align=\"center\">02.11.2026<\/td><td class=\"has-text-align-center\" data-align=\"center\">Laterne basteln<\/td><\/tr><tr><td class=\"has-text-align-center\" data-align=\"center\">06.11.2026<\/td><td class=\"has-text-align-center\" data-align=\"center\">Laternenumzug in Woltershausen<\/td><\/tr><tr><td class=\"has-text-align-center\" data-align=\"center\">16.11.2026<\/td><td class=\"has-text-align-center\" data-align=\"center\">Minilebkuichenh\u00e4user bauen<\/td><\/tr><tr><td class=\"has-text-align-center\" data-align=\"center\">30.11.2026<\/td><td class=\"has-text-align-center\" data-align=\"center\">Kinotag<\/td><\/tr><tr><td class=\"has-text-align-center\" data-align=\"center\">14.12.2026<\/td><td class=\"has-text-align-center\" data-align=\"center\">Weinachtsfeier mit Familie<\/td><\/tr><tr><td class=\"has-text-align-center\" data-align=\"center\"><strong>Weichnachtsferien<\/strong><\/td><td class=\"has-text-align-center\" data-align=\"center\"><\/td><\/tr><\/tbody><\/table><figcaption class=\"wp-element-caption\">Wir freuen uns auf euch!<\/figcaption><\/figure>\n\n\n","protected":false},"excerpt":{"rendered":"<p>Bei uns in der Freiwilligen Feuerwehr besteht die M\u00f6glichkeit, Mitglied der Kinderfeuerwehr zu sein. Mitglied der Kinderfeuerwehr kann ihr Kind sein, wenn es das 6. Lebensjahr, aber noch nicht das [&hellip;]<\/p>\n","protected":false},"author":1,"featured_media":0,"parent":0,"menu_order":12,"comment_status":"closed","ping_status":"open","template":"","meta":{"_lmt_disableupdate":"","_lmt_disable":"","site-sidebar-layout":"default","site-content-layout":"","ast-site-content-layout":"default","site-content-style":"default","site-sidebar-style":"default","ast-global-header-display":"","ast-banner-title-visibility":"","ast-main-header-display":"","ast-hfb-above-header-display":"","ast-hfb-below-header-display":"","ast-hfb-mobile-header-display":"","site-post-title":"","ast-breadcrumbs-content":"","ast-featured-img":"","footer-sml-layout":"","ast-disable-related-posts":"","theme-transparent-header-meta":"","adv-header-id-meta":"","stick-header-meta":"","header-above-stick-meta":"","header-main-stick-meta":"","header-below-stick-meta":"","astra-migrate-meta-layouts":"default","ast-page-background-enabled":"default","ast-page-background-meta":{"desktop":{"background-color":"var(--ast-global-color-5)","background-image":"","background-repeat":"repeat","background-position":"center center","background-size":"auto","background-attachment":"scroll","background-type":"","background-media":"","overlay-type":"","overlay-color":"","overlay-opacity":"","overlay-gradient":""},"tablet":{"background-color":"","background-image":"","background-repeat":"repeat","background-position":"center center","background-size":"auto","background-attachment":"scroll","background-type":"","background-media":"","overlay-type":"","overlay-color":"","overlay-opacity":"","overlay-gradient":""},"mobile":{"background-color":"","background-image":"","background-repeat":"repeat","background-position":"center center","background-size":"auto","background-attachment":"scroll","background-type":"","background-media":"","overlay-type":"","overlay-color":"","overlay-opacity":"","overlay-gradient":""}},"ast-content-background-meta":{"desktop":{"background-color":"var(--ast-global-color-4)","background-image":"","background-repeat":"repeat","background-position":"center center","background-size":"auto","background-attachment":"scroll","background-type":"","background-media":"","overlay-type":"","overlay-color":"","overlay-opacity":"","overlay-gradient":""},"tablet":{"background-color":"var(--ast-global-color-4)","background-image":"","background-repeat":"repeat","background-position":"center center","background-size":"auto","background-attachment":"scroll","background-type":"","background-media":"","overlay-type":"","overlay-color":"","overlay-opacity":"","overlay-gradient":""},"mobile":{"background-color":"var(--ast-global-color-4)","background-image":"","background-repeat":"repeat","background-position":"center center","background-size":"auto","background-attachment":"scroll","background-type":"","background-media":"","overlay-type":"","overlay-color":"","overlay-opacity":"","overlay-gradient":""}},"footnotes":""},"class_list":["post-121","page","type-page","status-publish","hentry"],"_links":{"self":[{"href":"https:\/\/feuerwehrwoltershausen.de\/feuerwehrwoltershausen\/wp-json\/wp\/v2\/pages\/121","targetHints":{"allow":["GET"]}}],"collection":[{"href":"https:\/\/feuerwehrwoltershausen.de\/feuerwehrwoltershausen\/wp-json\/wp\/v2\/pages"}],"about":[{"href":"https:\/\/feuerwehrwoltershausen.de\/feuerwehrwoltershausen\/wp-json\/wp\/v2\/types\/page"}],"author":[{"embeddable":true,"href":"https:\/\/feuerwehrwoltershausen.de\/feuerwehrwoltershausen\/wp-json\/wp\/v2\/users\/1"}],"replies":[{"embeddable":true,"href":"https:\/\/feuerwehrwoltershausen.de\/feuerwehrwoltershausen\/wp-json\/wp\/v2\/comments?post=121"}],"version-history":[{"count":12,"href":"https:\/\/feuerwehrwoltershausen.de\/feuerwehrwoltershausen\/wp-json\/wp\/v2\/pages\/121\/revisions"}],"predecessor-version":[{"id":1212,"href":"https:\/\/feuerwehrwoltershausen.de\/feuerwehrwoltershausen\/wp-json\/wp\/v2\/pages\/121\/revisions\/1212"}],"wp:attachment":[{"href":"https:\/\/feuerwehrwoltershausen.de\/feuerwehrwoltershausen\/wp-json\/wp\/v2\/media?parent=121"}],"curies":[{"name":"wp","href":"https:\/\/api.w.org\/{rel}","templated":true}]}}