{"id":250,"date":"2023-06-02T21:28:11","date_gmt":"2023-06-02T19:28:11","guid":{"rendered":"https:\/\/feuerwehrwoltershausen.de\/feuerwehrwoltershausen2026\/2023\/06\/02\/ausbildung\/"},"modified":"2026-01-31T12:49:56","modified_gmt":"2026-01-31T11:49:56","slug":"ausbildung","status":"publish","type":"page","link":"https:\/\/feuerwehrwoltershausen.de\/feuerwehrwoltershausen\/ausbildung\/","title":{"rendered":"Ausbildung nach FWDV 2"},"content":{"rendered":"\n<p>Die Aktive Gruppe durchl\u00e4uf eine Ausbildung gem\u00e4\u00df der Feuerwehrdienstvorschrift 2 (FWDV 2). Die Lehrg\u00e4nge finden an verschiedenen Orten statt. Gemeindeebene, Kreisebene und an dem Nieders\u00e4chsischen Landesamt f\u00fcr Brand- und Katastrophenschutz (NLBK)<\/p>\n\n\n\r\n\t\t<div  class=\"block-8b0784b9-7e89-4a60-97c4-22a39dbad34c card\">\r\n\t\t\t\n\r\n\t\t<div  class=\"block-5177ee43-0bbe-4951-964d-a31ad7ba7d09 card-header\">\r\n\t\t\t\n\n<p>Truppausbildung<\/p>\n\n \r\n\t\t<\/div>\r\n\t\n\n\r\n\t\t<div  class=\"block-2269a5db-c5e0-4032-acd0-4df9585354eb card-body\">\r\n\t\t\t\n\n<h5 class=\"wp-block-heading\">Modulare Grundlagenausbildung<\/h5>\n\n\n\n<p>Bei der modularen Grundlagenausbildung werden jedem Feuerwehrangeh\u00f6rigen einheitlich in ganz Niedersachsen das Feuerwehrtechnsiche Grundwissen \u00fcbermittelt. Dieses geschieht in so geannten Basismodulen.\u00a0<\/p>\n\n\n\r\n\t\t\t\t\r\n\t\t<a \r\n\t\t\t\r\n\t\t\tclass=\"block-2cf4ae93-96ce-44f3-ae6e-bc0df356d05d btn areoi-has-url position-relative btn-primary\"\r\n\t href=\"https:\/\/www.nlbk.niedersachsen.de\/startseite\/ausbildung\/modulare_truppausbildung\/\" rel=\"noreferrer noopener\" target=\"_blank\" >\r\n\t\t\t\t\t\r\n\t\t\t\t\tN\u00e4here Infos bei der NLBK \r\n\t\t\t\t\t\r\n\t\t\t\t\t \r\n\t\t\t\t<\/a>\r\n\t\t\t\n \r\n\t\t<\/div>\r\n\t\n\n\r\n\t\t<div  class=\"block-2d8364f9-0a4c-4fc2-960a-a02c9417e7a6 card-footer\">\r\n\t\t\t \r\n\t\t<\/div>\r\n\t\n \r\n\t\t<\/div>\r\n\t\n\n\n<p><\/p>\n\n\n\r\n\t\t<div  class=\"block-581fe96e-d329-46f0-a3fc-72dca8526f77 card\">\r\n\t\t\t\n\r\n\t\t<div  class=\"block-51f63b68-91ad-47cb-8515-214c2f7130d0 card-header\">\r\n\t\t\t\n\n<p>Truppausbildung<\/p>\n\n \r\n\t\t<\/div>\r\n\t\n\n\r\n\t\t<div  class=\"block-8d61e697-7104-4faa-93ca-614f1bc8aa80 card-body\">\r\n\t\t\t\n\n<h5 class=\"wp-block-heading\">Truppf\u00fchrerausbildung<\/h5>\n\n\n\n<p>Bei der Weiterbildung zum Truppf\u00fchrer wird einem gelehrt, einen Trupp innerhalb unserer Gruppe zu f\u00fchren und den Auftrag vom Gruppenf\u00fchrer auszuf\u00fchren. Dieses geschieht nach der modularen Grunslagenausbildung in einem sogenanten Erg\u00e4nzungsmodul.<\/p>\n\n\n\r\n\t\t\t\t\r\n\t\t<a \r\n\t\t\t\r\n\t\t\tclass=\"block-2cf4ae93-96ce-44f3-ae6e-bc0df356d05d btn areoi-has-url position-relative btn-primary\"\r\n\t href=\"https:\/\/www.nlbk.niedersachsen.de\/startseite\/ausbildung\/modulare_truppausbildung\/\" rel=\"noreferrer noopener\" target=\"_blank\" >\r\n\t\t\t\t\t\r\n\t\t\t\t\tN\u00e4here Infos bei der NLBK \r\n\t\t\t\t\t\r\n\t\t\t\t\t \r\n\t\t\t\t<\/a>\r\n\t\t\t\n \r\n\t\t<\/div>\r\n\t\n\n\r\n\t\t<div  class=\"block-c4bfd105-93b9-499c-aabb-8d1d324278a6 card-footer\">\r\n\t\t\t \r\n\t\t<\/div>\r\n\t\n \r\n\t\t<\/div>\r\n\t\n\n\n<p><\/p>\n\n\n\r\n\t\t<div  class=\"block-97948763-dd46-4363-80c0-c6f09a23efe4 card\">\r\n\t\t\t\n\r\n\t\t<div  class=\"block-ffb4dbbb-d969-4f4b-bb68-d13b5f7ad26a card-header\">\r\n\t\t\t\n\n<p>Technische Ausbildung<\/p>\n\n \r\n\t\t<\/div>\r\n\t\n\n\r\n\t\t<div  class=\"block-77a3c8f8-75e6-4a4a-a4c7-386f1f372d4c card-body\">\r\n\t\t\t\n\n<h5 class=\"wp-block-heading\">Modulare Grundlagenausbildung<\/h5>\n\n\n\n<p>Bei der modularen Grundlagenausbildung werden jedem Feuerwehrangeh\u00f6rigen einheitlich in ganz Niedersachsen das Feuerwehrtechnsiche Grundwissen \u00fcbermittelt. Dieses geschieht in so geannten Basismodulen.&nbsp;<\/p>\n\n\n\r\n\t\t\t\t\r\n\t\t<a \r\n\t\t\t\r\n\t\t\tclass=\"block-2cf4ae93-96ce-44f3-ae6e-bc0df356d05d btn areoi-has-url position-relative btn-primary\"\r\n\t href=\"https:\/\/www.nlbk.niedersachsen.de\/startseite\/ausbildung\/modulare_truppausbildung\/\" >\r\n\t\t\t\t\t\r\n\t\t\t\t\tN\u00e4here Infos bei der NLBK \r\n\t\t\t\t\t\r\n\t\t\t\t\t \r\n\t\t\t\t<\/a>\r\n\t\t\t\n \r\n\t\t<\/div>\r\n\t\n\n\r\n\t\t<div  class=\"block-1dc17a05-70a6-4ce2-afbf-4a489b203388 card-footer\">\r\n\t\t\t \r\n\t\t<\/div>\r\n\t\n \r\n\t\t<\/div>\r\n\t\n\n\n<p><\/p>\n\n\n\r\n\t\t<div  class=\"block-fa816b9d-c01e-462f-9d9b-817d1ff47771 card\">\r\n\t\t\t\n\r\n\t\t<div  class=\"block-3688b4e4-9a1d-426c-87ab-6672f31cf8c4 card-header\">\r\n\t\t\t\n\n<p>Truppausbildung<\/p>\n\n \r\n\t\t<\/div>\r\n\t\n\n\r\n\t\t<div  class=\"block-1baf7ccc-ec53-4ac5-9ef8-fe24054910e5 card-body\">\r\n\t\t\t\n\n<h5 class=\"wp-block-heading\">Sprechfunker<\/h5>\n\n\n\n<p>Bei der Weiterbildung zum Sprechfunker werden einem die Grundlagen der Einsatzkommunikation gelehrt, sodass diese zielf\u00fchrend angewendet werden k\u00f6nnen.<\/p>\n\n\n\r\n\t\t\t\t\r\n\t\t<a \r\n\t\t\t\r\n\t\t\tclass=\"block-2cf4ae93-96ce-44f3-ae6e-bc0df356d05d btn areoi-has-url position-relative btn-primary\"\r\n\t href=\"https:\/\/www.nlbk.niedersachsen.de\/startseite\/ausbildung\/ausbildung_nach_fwdv_2\/kreisausbildung\/lehrgang_sprechfunkausbildung\/download-lehrgang-sprechfunker-86236.html\" rel=\"noreferrer noopener\" target=\"_blank\" >\r\n\t\t\t\t\t\r\n\t\t\t\t\tN\u00e4here Infos bei der NLBK \r\n\t\t\t\t\t\r\n\t\t\t\t\t \r\n\t\t\t\t<\/a>\r\n\t\t\t\n \r\n\t\t<\/div>\r\n\t\n\n\r\n\t\t<div  class=\"block-c532f6a3-e8e0-4bbf-ad8a-2e94aa98122b card-footer\">\r\n\t\t\t \r\n\t\t<\/div>\r\n\t\n \r\n\t\t<\/div>\r\n\t\n\n\n<p><\/p>\n\n\n\r\n\t\t<div  class=\"block-985797b9-e60d-44d4-9d20-8e70332b2a6a card\">\r\n\t\t\t\n\r\n\t\t<div  class=\"block-a7443f09-c997-4bf8-9ace-e0f62744ee05 card-header\">\r\n\t\t\t\n\n<p>Technische Ausbildung<\/p>\n\n \r\n\t\t<\/div>\r\n\t\n\n\r\n\t\t<div  class=\"block-5b893b94-27e9-4c13-a348-9c95a579f1a0 card-body\">\r\n\t\t\t\n\n<h5 class=\"wp-block-heading\">Atemschutzger\u00e4tetr\u00e4ger<\/h5>\n\n\n\n<p>Bei der Weiterbildung zum Atenschutzger\u00e4tetr\u00e4ger werden einem die Grundlagen gelehrt, um beim Einsatz unter Atemschutz eingesetzt werden zu k\u00f6nnen. Neben dem Lehrgang wird auch eine \u00e4rztliche Untersuchung ben\u00f6tigt. Nur mit einem Eignungsnachweis, der G26, darf der Atemschutz angelegt werden.&nbsp;<\/p>\n\n\n\r\n\t\t\t\t\r\n\t\t<a \r\n\t\t\t\r\n\t\t\tclass=\"block-2cf4ae93-96ce-44f3-ae6e-bc0df356d05d btn areoi-has-url position-relative btn-primary\"\r\n\t href=\"https:\/\/www.nlbk.niedersachsen.de\/startseite\/ausbildung\/ausbildung_nach_fwdv_2\/kreisausbildung\/lehrgang_atemschutzgeratetrager\/downloadbereich-lehrgang-atemschutzgeraetetraeger-86208.html\" rel=\"noreferrer noopener\" target=\"_blank\" >\r\n\t\t\t\t\t\r\n\t\t\t\t\tN\u00e4here Infos bei der NLBK \r\n\t\t\t\t\t\r\n\t\t\t\t\t \r\n\t\t\t\t<\/a>\r\n\t\t\t\n \r\n\t\t<\/div>\r\n\t\n\n\r\n\t\t<div  class=\"block-693102ba-79d0-489f-bd22-be2063ada29d card-footer\">\r\n\t\t\t \r\n\t\t<\/div>\r\n\t\n \r\n\t\t<\/div>\r\n\t\n\n\n<p><\/p>\n\n\n\r\n\t\t<div  class=\"block-f538616a-891b-4c54-b2b2-025f0c2553ad card\">\r\n\t\t\t\n\r\n\t\t<div  class=\"block-f2657304-b67f-46ad-b52e-ee52d6f26740 card-header\">\r\n\t\t\t\n\n<p>Technische Ausbildung<\/p>\n\n \r\n\t\t<\/div>\r\n\t\n\n\r\n\t\t<div  class=\"block-d595aca4-67cb-4c99-8a0e-65e18a6f813d card-body\">\r\n\t\t\t\n\n<h5 class=\"wp-block-heading\">Maschinist<\/h5>\n\n\n\n<p>Bei der Weiterbildung zum Maschinist erlernt man das Wissen, um das Feuerwehrfahrzeug sicher im Einatzfall mit Sonderrechten fahren zu k\u00f6nnen. Ebenfalls erlernt man den Umgang mit den technischen Ger\u00e4ten an Bord der Feuerwehrfahrzeuge. Bei unserem Fahrzeug w\u00e4re dieses zum Beispiel die Bedienung der Tragbaren Fuerl\u00f6schkreiselpumpe (PFPN).<\/p>\n\n\n\r\n\t\t\t\t\r\n\t\t<a \r\n\t\t\t\r\n\t\t\tclass=\"block-2cf4ae93-96ce-44f3-ae6e-bc0df356d05d btn areoi-has-url position-relative btn-primary\"\r\n\t href=\"https:\/\/www.nlbk.niedersachsen.de\/startseite\/ausbildung\/ausbildung_nach_fwdv_2\/technische_ausbildung\/maschinisten\/downloadbereich-lehrgang-maschinisten-105656.html\" rel=\"noreferrer noopener\" target=\"_blank\" >\r\n\t\t\t\t\t\r\n\t\t\t\t\tN\u00e4here Infos bei der NLBK \r\n\t\t\t\t\t\r\n\t\t\t\t\t \r\n\t\t\t\t<\/a>\r\n\t\t\t\n \r\n\t\t<\/div>\r\n\t\n\n\r\n\t\t<div  class=\"block-37dbfde9-5ea6-42f4-b550-8e29e032e294 card-footer\">\r\n\t\t\t \r\n\t\t<\/div>\r\n\t\n \r\n\t\t<\/div>\r\n\t\n\n\n<p><\/p>\n\n\n\r\n\t\t<div  class=\"block-e615ad5e-b658-4b56-9cab-6504bba67c90 card\">\r\n\t\t\t\n\r\n\t\t<div  class=\"block-a6ba750c-acf2-46d6-a385-9e58ac81c7e3 card-header\">\r\n\t\t\t\n\n<p>F\u00fchrungsausbildung<\/p>\n\n \r\n\t\t<\/div>\r\n\t\n\n\r\n\t\t<div  class=\"block-0acce1cb-5c7a-412b-a16a-08f22790b600 card-body\">\r\n\t\t\t\n\n<h5 class=\"wp-block-heading\">Gruppenf\u00fchrer<\/h5>\n\n\n\n<p>Bei der Weiterbildung zum Gruppenf\u00fchrer werden einem die Grundlagen gelehrt, um eine Gruppe f\u00fchrern zu k\u00f6nnen. Hierbei erlernt man unter anderem bei einem Einsatz entsprtechend richtig zu handeln und Anweisungen an die Trupps zu verteilen.<\/p>\n\n\n\r\n\t\t\t\t\r\n\t\t<a \r\n\t\t\t\r\n\t\t\tclass=\"block-2cf4ae93-96ce-44f3-ae6e-bc0df356d05d btn areoi-has-url position-relative btn-primary\"\r\n\t href=\"https:\/\/www.nlbk.niedersachsen.de\/startseite\/ausbildung\/fuhrungsausbildung\/gruppenfuhrer\/gruppenfuhrer-lehrgang-203959.html\" rel=\"noreferrer noopener\" target=\"_blank\" >\r\n\t\t\t\t\t\r\n\t\t\t\t\tN\u00e4here Infos bei der NLBK \r\n\t\t\t\t\t\r\n\t\t\t\t\t \r\n\t\t\t\t<\/a>\r\n\t\t\t\n \r\n\t\t<\/div>\r\n\t\n\n\r\n\t\t<div  class=\"block-bceb9c66-47a8-46bd-92c1-a023264ebe04 card-footer\">\r\n\t\t\t \r\n\t\t<\/div>\r\n\t\n \r\n\t\t<\/div>\r\n\t\n\n\n<p><\/p>\n\n\n\r\n\t\t<div  class=\"block-304678e9-4eb1-4660-bdb5-b17523164daa card\">\r\n\t\t\t\n\r\n\t\t<div  class=\"block-860b1d60-79cc-423e-b2a4-3335d7f36714 card-header\">\r\n\t\t\t\n\n<p>F\u00fchrungsausbildung<\/p>\n\n \r\n\t\t<\/div>\r\n\t\n\n\r\n\t\t<div  class=\"block-19c17d60-3f65-4759-833d-34b9badc5e54 card-body\">\r\n\t\t\t\n\n<h5 class=\"wp-block-heading\">Zugf\u00fchrer<\/h5>\n\n\n\n<p>Bei der Weiterbildung zum Zugf\u00fchrer weitet man die Kennstnisse aus, um bei gr\u00f6\u00dferen Eins\u00e4tzen einen ganzen Zug leiten zu k\u00f6nnen.<\/p>\n\n\n\r\n\t\t\t\t\r\n\t\t<a \r\n\t\t\t\r\n\t\t\tclass=\"block-2cf4ae93-96ce-44f3-ae6e-bc0df356d05d btn areoi-has-url position-relative btn-primary\"\r\n\t href=\"https:\/\/www.nlbk.niedersachsen.de\/startseite\/ausbildung\/fuhrungsausbildung\/zugfuhrer\/zugfuhrer-lehrgang-203960.html\" rel=\"noreferrer noopener\" target=\"_blank\" >\r\n\t\t\t\t\t\r\n\t\t\t\t\tN\u00e4here Infos bei der NLBK \r\n\t\t\t\t\t\r\n\t\t\t\t\t \r\n\t\t\t\t<\/a>\r\n\t\t\t\n \r\n\t\t<\/div>\r\n\t\n\n\r\n\t\t<div  class=\"block-f84c67d6-7486-430a-a6b3-2d290ae34ef4 card-footer\">\r\n\t\t\t \r\n\t\t<\/div>\r\n\t\n \r\n\t\t<\/div>\r\n\t\n\n\n<p><\/p>\n","protected":false},"excerpt":{"rendered":"<p>Die Aktive Gruppe durchl\u00e4uf eine Ausbildung gem\u00e4\u00df der Feuerwehrdienstvorschrift 2 (FWDV 2). Die Lehrg\u00e4nge finden an verschiedenen Orten statt. Gemeindeebene, Kreisebene und an dem Nieders\u00e4chsischen Landesamt f\u00fcr Brand- und Katastrophenschutz [&hellip;]<\/p>\n","protected":false},"author":1,"featured_media":0,"parent":0,"menu_order":0,"comment_status":"closed","ping_status":"open","template":"","meta":{"_lmt_disableupdate":"","_lmt_disable":"","site-sidebar-layout":"default","site-content-layout":"","ast-site-content-layout":"default","site-content-style":"default","site-sidebar-style":"default","ast-global-header-display":"","ast-banner-title-visibility":"","ast-main-header-display":"","ast-hfb-above-header-display":"","ast-hfb-below-header-display":"","ast-hfb-mobile-header-display":"","site-post-title":"","ast-breadcrumbs-content":"","ast-featured-img":"","footer-sml-layout":"","ast-disable-related-posts":"","theme-transparent-header-meta":"","adv-header-id-meta":"","stick-header-meta":"","header-above-stick-meta":"","header-main-stick-meta":"","header-below-stick-meta":"","astra-migrate-meta-layouts":"default","ast-page-background-enabled":"default","ast-page-background-meta":{"desktop":{"background-color":"var(--ast-global-color-5)","background-image":"","background-repeat":"repeat","background-position":"center center","background-size":"auto","background-attachment":"scroll","background-type":"","background-media":"","overlay-type":"","overlay-color":"","overlay-opacity":"","overlay-gradient":""},"tablet":{"background-color":"","background-image":"","background-repeat":"repeat","background-position":"center center","background-size":"auto","background-attachment":"scroll","background-type":"","background-media":"","overlay-type":"","overlay-color":"","overlay-opacity":"","overlay-gradient":""},"mobile":{"background-color":"","background-image":"","background-repeat":"repeat","background-position":"center center","background-size":"auto","background-attachment":"scroll","background-type":"","background-media":"","overlay-type":"","overlay-color":"","overlay-opacity":"","overlay-gradient":""}},"ast-content-background-meta":{"desktop":{"background-color":"var(--ast-global-color-4)","background-image":"","background-repeat":"repeat","background-position":"center center","background-size":"auto","background-attachment":"scroll","background-type":"","background-media":"","overlay-type":"","overlay-color":"","overlay-opacity":"","overlay-gradient":""},"tablet":{"background-color":"var(--ast-global-color-4)","background-image":"","background-repeat":"repeat","background-position":"center center","background-size":"auto","background-attachment":"scroll","background-type":"","background-media":"","overlay-type":"","overlay-color":"","overlay-opacity":"","overlay-gradient":""},"mobile":{"background-color":"var(--ast-global-color-4)","background-image":"","background-repeat":"repeat","background-position":"center center","background-size":"auto","background-attachment":"scroll","background-type":"","background-media":"","overlay-type":"","overlay-color":"","overlay-opacity":"","overlay-gradient":""}},"footnotes":""},"class_list":["post-250","page","type-page","status-publish","hentry"],"_links":{"self":[{"href":"https:\/\/feuerwehrwoltershausen.de\/feuerwehrwoltershausen\/wp-json\/wp\/v2\/pages\/250","targetHints":{"allow":["GET"]}}],"collection":[{"href":"https:\/\/feuerwehrwoltershausen.de\/feuerwehrwoltershausen\/wp-json\/wp\/v2\/pages"}],"about":[{"href":"https:\/\/feuerwehrwoltershausen.de\/feuerwehrwoltershausen\/wp-json\/wp\/v2\/types\/page"}],"author":[{"embeddable":true,"href":"https:\/\/feuerwehrwoltershausen.de\/feuerwehrwoltershausen\/wp-json\/wp\/v2\/users\/1"}],"replies":[{"embeddable":true,"href":"https:\/\/feuerwehrwoltershausen.de\/feuerwehrwoltershausen\/wp-json\/wp\/v2\/comments?post=250"}],"version-history":[{"count":5,"href":"https:\/\/feuerwehrwoltershausen.de\/feuerwehrwoltershausen\/wp-json\/wp\/v2\/pages\/250\/revisions"}],"predecessor-version":[{"id":860,"href":"https:\/\/feuerwehrwoltershausen.de\/feuerwehrwoltershausen\/wp-json\/wp\/v2\/pages\/250\/revisions\/860"}],"wp:attachment":[{"href":"https:\/\/feuerwehrwoltershausen.de\/feuerwehrwoltershausen\/wp-json\/wp\/v2\/media?parent=250"}],"curies":[{"name":"wp","href":"https:\/\/api.w.org\/{rel}","templated":true}]}}