{"id":85,"date":"2014-05-21T12:09:39","date_gmt":"2014-05-21T10:09:39","guid":{"rendered":"https:\/\/feuerwehrwoltershausen.de\/feuerwehrwoltershausen2026\/2014\/05\/21\/fuehrerscheinausbildung\/"},"modified":"2026-01-31T12:49:56","modified_gmt":"2026-01-31T11:49:56","slug":"fuehrerscheinausbildung","status":"publish","type":"page","link":"https:\/\/feuerwehrwoltershausen.de\/feuerwehrwoltershausen\/fuehrerscheinausbildung\/","title":{"rendered":"F\u00fchrerscheinausbildung"},"content":{"rendered":"\n<p>Bei den Feuerwehren herrscht oftmals das Problem, dass viele Kameradinnen und Kameraden die Feuerwehrfahrzeuge nicht f\u00fchren d\u00fcrfen, da sie nicht im Besitz der entsprechenden F\u00fchrerscheinklasse sind. Als Beispiel nehmen wir unser Feuerwehrfahrzeug. Unser Feuerwehrfahrzeug hat ein Gewicht von 3,8 t. Kameradinnen und Kameraden, welche nur die F\u00fchrerscheinklasse B besitzen, d\u00fcrfen dieses Fahrzeug nicht fahren. Der Grund liegt in der Beschr\u00e4nkung der F\u00fchrerscheinklasse B. Es d\u00fcrfen damit nur Fahrzeuge gef\u00fchrt werden mit einer zul\u00e4ssigen Gesamtmasse von 3,5 t.<\/p>\n\n\n\n<p>Um das Fahrzeug mit 3,8 t nun f\u00fchren zu k\u00f6nnen, wird die F\u00fchrerscheinklasse C1 ben\u00f6tigt. Aus diesem Grund wurde eine Sonderregelung eingef\u00fchrt, die uns Feuerwehrleuten erm\u00f6glicht, Feuerwehrfahrzeuge bis zu 4,75 t bzw. 7,5 t f\u00fchren zu k\u00f6nnen. Es bedarf hier einer Weiterbildung in Sachen Theorie und Praxis und eine <strong>Einweisung auf das zu f\u00fchrende Feuerwehrfahrzeug.<\/strong><\/p>\n\n\n\n<p>In der Gemeinde Lamspringe darf unser Kamerad <strong>Heiko Haars<\/strong> die Weiterbildung durchf\u00fchren<\/p>\n\n\n<div class='rt-container-fluid rt-team-container rt-pos-r rt-team-container-712' id='rt-team-container-4121696890'  data-layout='layout1' data-desktop-col='1'  data-tab-col='1'  data-mobile-col='1' data-sc-id='712' data-popup-bg=''><div data-title='Loading ...' class='rt-row rt-content-loader layout1 ttp-even ttp-pre-loader'><div class=\"rt-col-md-12 rt-col-sm-12 rt-col-xs-12  even-grid-item rt-grid-item\" data-id=\"605\"><div class=\"single-team-area\"><div class=\"single-team\"><figure><a class=\"\" data-id=\"605\" target=\"_self\" href=\"https:\/\/feuerwehrwoltershausen.de\/feuerwehrwoltershausen\/team\/heiko-haars\/\"><img loading=\"lazy\" decoding=\"async\" width=\"800\" height=\"1200\" src=\"https:\/\/feuerwehrwoltershausen.de\/feuerwehrwoltershausen\/wp-content\/uploads\/2026\/01\/heiko_haars.png\" class=\"img-responsive rt-team-img\" alt=\"Heiko Haars\" \/><\/a><\/figure><\/div><div class=\"tlp-content\"><h3><span class=\"team-name\"><a class=\"\" data-id=\"605\" target=\"_self\" title=\"Heiko Haars\" href=\"https:\/\/feuerwehrwoltershausen.de\/feuerwehrwoltershausen\/team\/heiko-haars\/\">Heiko Haars<\/a><\/span><\/h3><div class=\"tlp-position\"><a class=\"\" data-id=\"605\" target=\"_self\" title=\"Heiko Haars\" href=\"https:\/\/feuerwehrwoltershausen.de\/feuerwehrwoltershausen\/team\/heiko-haars\/\">Ausbilder Feuerwehrf\u00fchrerschein, Sicherheitsbeauftragter, Stellvertretender Ortsbrandmeister<\/a><\/div><\/div><div class=\"readmore-btn hirme-resume\"><\/div><div class=\"readmore-btn tlp-readmore-button\"><a class=\"rt-ream-me-btn\" data-id=\"605\" target=\"_self\" title=\"Heiko Haars\" href=\"https:\/\/feuerwehrwoltershausen.de\/feuerwehrwoltershausen\/team\/heiko-haars\/\">Read More<\/a><\/div><\/div><\/div><div class=\"rt-loading-overlay\"><\/div><div class=\"rt-loading rt-ball-clip-rotate\"><div><\/div><\/div><\/div><\/div>","protected":false},"excerpt":{"rendered":"<p>Bei den Feuerwehren herrscht oftmals das Problem, dass viele Kameradinnen und Kameraden die Feuerwehrfahrzeuge nicht f\u00fchren d\u00fcrfen, da sie nicht im Besitz der entsprechenden F\u00fchrerscheinklasse sind. Als Beispiel nehmen wir [&hellip;]<\/p>\n","protected":false},"author":1,"featured_media":0,"parent":0,"menu_order":6,"comment_status":"closed","ping_status":"open","template":"","meta":{"_lmt_disableupdate":"","_lmt_disable":"","site-sidebar-layout":"default","site-content-layout":"","ast-site-content-layout":"default","site-content-style":"default","site-sidebar-style":"default","ast-global-header-display":"","ast-banner-title-visibility":"","ast-main-header-display":"","ast-hfb-above-header-display":"","ast-hfb-below-header-display":"","ast-hfb-mobile-header-display":"","site-post-title":"","ast-breadcrumbs-content":"","ast-featured-img":"","footer-sml-layout":"","ast-disable-related-posts":"","theme-transparent-header-meta":"","adv-header-id-meta":"","stick-header-meta":"","header-above-stick-meta":"","header-main-stick-meta":"","header-below-stick-meta":"","astra-migrate-meta-layouts":"default","ast-page-background-enabled":"default","ast-page-background-meta":{"desktop":{"background-color":"var(--ast-global-color-5)","background-image":"","background-repeat":"repeat","background-position":"center center","background-size":"auto","background-attachment":"scroll","background-type":"","background-media":"","overlay-type":"","overlay-color":"","overlay-opacity":"","overlay-gradient":""},"tablet":{"background-color":"","background-image":"","background-repeat":"repeat","background-position":"center center","background-size":"auto","background-attachment":"scroll","background-type":"","background-media":"","overlay-type":"","overlay-color":"","overlay-opacity":"","overlay-gradient":""},"mobile":{"background-color":"","background-image":"","background-repeat":"repeat","background-position":"center center","background-size":"auto","background-attachment":"scroll","background-type":"","background-media":"","overlay-type":"","overlay-color":"","overlay-opacity":"","overlay-gradient":""}},"ast-content-background-meta":{"desktop":{"background-color":"var(--ast-global-color-4)","background-image":"","background-repeat":"repeat","background-position":"center center","background-size":"auto","background-attachment":"scroll","background-type":"","background-media":"","overlay-type":"","overlay-color":"","overlay-opacity":"","overlay-gradient":""},"tablet":{"background-color":"var(--ast-global-color-4)","background-image":"","background-repeat":"repeat","background-position":"center center","background-size":"auto","background-attachment":"scroll","background-type":"","background-media":"","overlay-type":"","overlay-color":"","overlay-opacity":"","overlay-gradient":""},"mobile":{"background-color":"var(--ast-global-color-4)","background-image":"","background-repeat":"repeat","background-position":"center center","background-size":"auto","background-attachment":"scroll","background-type":"","background-media":"","overlay-type":"","overlay-color":"","overlay-opacity":"","overlay-gradient":""}},"footnotes":""},"class_list":["post-85","page","type-page","status-publish","hentry"],"_links":{"self":[{"href":"https:\/\/feuerwehrwoltershausen.de\/feuerwehrwoltershausen\/wp-json\/wp\/v2\/pages\/85","targetHints":{"allow":["GET"]}}],"collection":[{"href":"https:\/\/feuerwehrwoltershausen.de\/feuerwehrwoltershausen\/wp-json\/wp\/v2\/pages"}],"about":[{"href":"https:\/\/feuerwehrwoltershausen.de\/feuerwehrwoltershausen\/wp-json\/wp\/v2\/types\/page"}],"author":[{"embeddable":true,"href":"https:\/\/feuerwehrwoltershausen.de\/feuerwehrwoltershausen\/wp-json\/wp\/v2\/users\/1"}],"replies":[{"embeddable":true,"href":"https:\/\/feuerwehrwoltershausen.de\/feuerwehrwoltershausen\/wp-json\/wp\/v2\/comments?post=85"}],"version-history":[{"count":3,"href":"https:\/\/feuerwehrwoltershausen.de\/feuerwehrwoltershausen\/wp-json\/wp\/v2\/pages\/85\/revisions"}],"predecessor-version":[{"id":713,"href":"https:\/\/feuerwehrwoltershausen.de\/feuerwehrwoltershausen\/wp-json\/wp\/v2\/pages\/85\/revisions\/713"}],"wp:attachment":[{"href":"https:\/\/feuerwehrwoltershausen.de\/feuerwehrwoltershausen\/wp-json\/wp\/v2\/media?parent=85"}],"curies":[{"name":"wp","href":"https:\/\/api.w.org\/{rel}","templated":true}]}}