{"id":95,"date":"2014-05-02T13:47:07","date_gmt":"2014-05-02T11:47:07","guid":{"rendered":"https:\/\/feuerwehrwoltershausen.de\/feuerwehrwoltershausen2026\/2014\/05\/02\/alarmierung\/"},"modified":"2026-01-31T12:49:56","modified_gmt":"2026-01-31T11:49:56","slug":"alarmierung","status":"publish","type":"page","link":"https:\/\/feuerwehrwoltershausen.de\/feuerwehrwoltershausen\/alarmierung\/","title":{"rendered":"Alarmierung"},"content":{"rendered":"\n<p>Die Aktive Gruppe wird \u00fcber die Leitstelle auf mehreren Wegen alarmiert. Entweder erfolgt die Alarmierung \u00fcber die Sirene oder \u00fcber digitale Meldeempf\u00e4nger (DME). Ebenfalls ist eine Kombination aus beiden M\u00f6glich. In unserer Gemeinde erfolgt die Alarmierung erg\u00e4nzend ebenfalls auf die Smartphones. Mit dieser Kombination kann situationsabh\u00e4ngig sinnvoll alarmiert werden.<\/p>\n\n\n\n<p><\/p>\n\n\n\r\n\t\t<div  class=\"block-12105019-11b8-4a4c-b945-747b0c8446e3 card\">\r\n\t\t\t\n\r\n\t\t<div  class=\"block-4a520812-ee21-4f1e-ba6c-e8bff12d6cfe card-header bg-light\">\r\n\t\t\t\n\n<p><strong>Sirene<\/strong><\/p>\n\n \r\n\t\t<\/div>\r\n\t\n\n\r\n\t\t<div  class=\"block-055c90fc-3f77-4d81-a9ba-88a39510f4b3 card-body bg-light\">\r\n\t\t\t\n\n<p>Die Sirene hat einen signifikaten Einsatzzweck in einem Ort. Sie dient nicht nur der Aktiven Gruppe zur Alarmierung bei einem Feueralarm, sondern wird sie auch zur Warnung der Bev\u00f6lkerung eingesetzt. Nachfolgend sie die 3 wichtigesten Alarmt\u00f6ne niedergeschrieben:<\/p>\n\n\n\n<p><strong>Alarmierung der Feuerwehr: 3 Mal ert\u00f6nender Ton<\/strong><\/p>\n\n\n\n<p>Dieses ist das Zeichnen f\u00fcr einen Einsatz der Feuerwehr und alarmiert die Aktive Gruppe.<br>Die Sirene ert\u00f6nt eine Minute lang und wird zweimal unterbrochen.<\/p>\n\n\n\n<p><strong>Warnung der Bev\u00f6lkerung: Auf- und Abheulender Ton f\u00fcr eine 1 Minute<\/strong><\/p>\n\n\n\n<p>Besteht in der Umgebung Gefahr f\u00fcr die Bev\u00f6lkerung ert\u00f6nt die Sirene 1 Minute lang mit einen auf- und abschwellenden Ton. Ist dieser Ton zuh\u00f6ren, sind die T\u00fcren und Fenster unverz\u00fcglich zu schlie\u00dfen und man sollte im Haus bleiben. TV-Ger\u00e4te und Radios einschalten oder Meldungen auf dem Smartphone sollte man beachtung schenken.<\/p>\n\n\n\n<p><strong>Entwarnung der Bev\u00f6lkerung: Dauerton von eine 1 Minute<\/strong><\/p>\n\n\n\n<p>Ist die Gefahr f\u00fcr die Bev\u00f6lkerung vorbei, wird mit einem gleichbleibenden Dauerton Entwarnung gegeben.<\/p>\n\n \r\n\t\t<\/div>\r\n\t\n\n\r\n\t\t<div  class=\"block-97207ef6-b00c-4cb4-bc25-d3811a2a4c9d card-footer bg-light\">\r\n\t\t\t\n\n<p><\/p>\n\n \r\n\t\t<\/div>\r\n\t\n \r\n\t\t<\/div>\r\n\t\n\n\n<p><\/p>\n\n\n\r\n\t\t<div  class=\"block-358c8b62-713c-4b98-98fd-9fba583b3030 card bg-light\">\r\n\t\t\t\n\r\n\t\t<div  class=\"block-39cb99ea-7eab-4cee-a9b2-a8ef240c4a65 card-header bg-light\">\r\n\t\t\t\n\n<p><strong>Digitale Meldeempf\u00e4nger (DME)<\/strong><\/p>\n\n \r\n\t\t<\/div>\r\n\t\n\n\r\n\t\t<div  class=\"block-4c00c1f5-f33c-4a08-9ba4-27f640b4c1af card-body bg-light\">\r\n\t\t\t\n\n<p>Der Digitale Meldeempf\u00e4nger, kurz DME, ist ein kleiner Pager, welche die Aktive Gruppe bei sich tr\u00e4gt. Der Vorteil vom DME ist, dass diese auch Kameradinnnen und Kameraden alarmiert, welche sich nicht im Wirkungsbereich der Sirene aufhalten.<br>Durch den DME ist ebenfalls eine gezielte Alarmierung einzelner Personen m\u00f6glich. Ein weiterer Vorteil ist der &#8222;stille Alarm&#8220;, hierbei ert\u00f6nt nur der DME und die Sirene bleibt ruhig. Die &#8222;L\u00e4rmbel\u00e4stigung&#8220; durch die Sirene, gerade in der Nachtzeit, wird hierdurch weitesgehend minimiert.<\/p>\n\n \r\n\t\t<\/div>\r\n\t\n\n\r\n\t\t<div  class=\"block-6de85815-8fb8-4d03-894f-0bb13aa6e61b card-footer bg-light\">\r\n\t\t\t \r\n\t\t<\/div>\r\n\t\n \r\n\t\t<\/div>\r\n\t\n\n\n<p><\/p>\n\n\n\r\n\t\t<div  class=\"block-8c6a119f-a5ef-4090-b94c-9ace10f03e5c card bg-light\">\r\n\t\t\t\n\r\n\t\t<div  class=\"block-8bb59d1e-5070-41c0-bf31-05311eccce2a card-header bg-light\">\r\n\t\t\t\n\n<p><strong>Smartphone<\/strong><\/p>\n\n \r\n\t\t<\/div>\r\n\t\n\n\r\n\t\t<div  class=\"block-3b94b6ab-073d-44b1-b280-2cd507194da5 card-body bg-light\">\r\n\t\t\t\n\n<p>Die Technik entwickelt sich immer weiter und die Gemeinde Lamspringe unterst\u00fctzt dieses und erm\u00f6glicht uns die erg\u00e4nzende Alarmierung \u00fcber Smartphones. Bevor die Smartphonealarmierung in der ganzen Gemeinde zum Einsatz kam, haben wir als einer der Ersten die Alarmierung eingesetzt. Zu dem Zeitpunkt wurden die Kosten hierf\u00fcr sogar eigenfinanziert.Durch diese Erg\u00e4nzung entstehen viele weitere Vorteile f\u00fcr die Kameradinnen und Kameraden.<br>Erfolgt die Alamierung per Smartphone, wird eine R\u00fcckmeldung von den alamierten Personen gegeben. Hierdurch kann der Gruppenf\u00fchrer in k\u00fcrzester Zeit sehen, welche Posten in der Gruppe besetzt sind und das sogar noch bevor die Kameradinnen und Kameraden am Feuerwehrhaus eingetroffen sind.<br>Des Weiteren kann \u00fcber unsere Smartphone direkt eine Navigation zur Einsatzstelle gestartet werden.<\/p>\n\n \r\n\t\t<\/div>\r\n\t\n\n\r\n\t\t<div  class=\"block-bc8246dc-b2d9-454c-a7c8-36f1bf36c3be card-footer bg-light\">\r\n\t\t\t \r\n\t\t<\/div>\r\n\t\n \r\n\t\t<\/div>\r\n\t\n\n\n<p><\/p>\n","protected":false},"excerpt":{"rendered":"<p>Die Aktive Gruppe wird \u00fcber die Leitstelle auf mehreren Wegen alarmiert. Entweder erfolgt die Alarmierung \u00fcber die Sirene oder \u00fcber digitale Meldeempf\u00e4nger (DME). Ebenfalls ist eine Kombination aus beiden M\u00f6glich. [&hellip;]<\/p>\n","protected":false},"author":1,"featured_media":0,"parent":0,"menu_order":15,"comment_status":"closed","ping_status":"open","template":"","meta":{"_lmt_disableupdate":"","_lmt_disable":"","site-sidebar-layout":"default","site-content-layout":"","ast-site-content-layout":"default","site-content-style":"default","site-sidebar-style":"default","ast-global-header-display":"","ast-banner-title-visibility":"","ast-main-header-display":"","ast-hfb-above-header-display":"","ast-hfb-below-header-display":"","ast-hfb-mobile-header-display":"","site-post-title":"","ast-breadcrumbs-content":"","ast-featured-img":"","footer-sml-layout":"","ast-disable-related-posts":"","theme-transparent-header-meta":"","adv-header-id-meta":"","stick-header-meta":"","header-above-stick-meta":"","header-main-stick-meta":"","header-below-stick-meta":"","astra-migrate-meta-layouts":"default","ast-page-background-enabled":"default","ast-page-background-meta":{"desktop":{"background-color":"var(--ast-global-color-5)","background-image":"","background-repeat":"repeat","background-position":"center center","background-size":"auto","background-attachment":"scroll","background-type":"","background-media":"","overlay-type":"","overlay-color":"","overlay-opacity":"","overlay-gradient":""},"tablet":{"background-color":"","background-image":"","background-repeat":"repeat","background-position":"center center","background-size":"auto","background-attachment":"scroll","background-type":"","background-media":"","overlay-type":"","overlay-color":"","overlay-opacity":"","overlay-gradient":""},"mobile":{"background-color":"","background-image":"","background-repeat":"repeat","background-position":"center center","background-size":"auto","background-attachment":"scroll","background-type":"","background-media":"","overlay-type":"","overlay-color":"","overlay-opacity":"","overlay-gradient":""}},"ast-content-background-meta":{"desktop":{"background-color":"var(--ast-global-color-4)","background-image":"","background-repeat":"repeat","background-position":"center center","background-size":"auto","background-attachment":"scroll","background-type":"","background-media":"","overlay-type":"","overlay-color":"","overlay-opacity":"","overlay-gradient":""},"tablet":{"background-color":"var(--ast-global-color-4)","background-image":"","background-repeat":"repeat","background-position":"center center","background-size":"auto","background-attachment":"scroll","background-type":"","background-media":"","overlay-type":"","overlay-color":"","overlay-opacity":"","overlay-gradient":""},"mobile":{"background-color":"var(--ast-global-color-4)","background-image":"","background-repeat":"repeat","background-position":"center center","background-size":"auto","background-attachment":"scroll","background-type":"","background-media":"","overlay-type":"","overlay-color":"","overlay-opacity":"","overlay-gradient":""}},"footnotes":""},"class_list":["post-95","page","type-page","status-publish","hentry"],"_links":{"self":[{"href":"https:\/\/feuerwehrwoltershausen.de\/feuerwehrwoltershausen\/wp-json\/wp\/v2\/pages\/95","targetHints":{"allow":["GET"]}}],"collection":[{"href":"https:\/\/feuerwehrwoltershausen.de\/feuerwehrwoltershausen\/wp-json\/wp\/v2\/pages"}],"about":[{"href":"https:\/\/feuerwehrwoltershausen.de\/feuerwehrwoltershausen\/wp-json\/wp\/v2\/types\/page"}],"author":[{"embeddable":true,"href":"https:\/\/feuerwehrwoltershausen.de\/feuerwehrwoltershausen\/wp-json\/wp\/v2\/users\/1"}],"replies":[{"embeddable":true,"href":"https:\/\/feuerwehrwoltershausen.de\/feuerwehrwoltershausen\/wp-json\/wp\/v2\/comments?post=95"}],"version-history":[{"count":6,"href":"https:\/\/feuerwehrwoltershausen.de\/feuerwehrwoltershausen\/wp-json\/wp\/v2\/pages\/95\/revisions"}],"predecessor-version":[{"id":852,"href":"https:\/\/feuerwehrwoltershausen.de\/feuerwehrwoltershausen\/wp-json\/wp\/v2\/pages\/95\/revisions\/852"}],"wp:attachment":[{"href":"https:\/\/feuerwehrwoltershausen.de\/feuerwehrwoltershausen\/wp-json\/wp\/v2\/media?parent=95"}],"curies":[{"name":"wp","href":"https:\/\/api.w.org\/{rel}","templated":true}]}}