{"id":98,"date":"2014-05-02T13:46:32","date_gmt":"2014-05-02T11:46:32","guid":{"rendered":"https:\/\/feuerwehrwoltershausen.de\/feuerwehrwoltershausen2026\/2014\/05\/02\/aktive-gruppe\/"},"modified":"2026-01-31T12:29:00","modified_gmt":"2026-01-31T11:29:00","slug":"aktive-gruppe","status":"publish","type":"page","link":"https:\/\/feuerwehrwoltershausen.de\/feuerwehrwoltershausen\/aktive-gruppe\/","title":{"rendered":"Aktive Gruppe"},"content":{"rendered":"\n<p><strong data-start=\"197\" data-end=\"322\">Mit Vollendung des 16. Lebensjahres besteht die M\u00f6glichkeit, der Freiwilligen Feuerwehr als aktives Mitglied beizutreten.<\/strong><br data-start=\"322\" data-end=\"325\">Die aktive Gruppe besteht aus Kameradinnen und Kameraden, die ehrenamtlich und unentgeltlich einsatzbereit sind, um im Ernstfall schnell und zuverl\u00e4ssig Hilfe leisten zu k\u00f6nnen.<\/p>\n\n\n\n<p>Als Freiwillige Feuerwehr \u00fcbernehmen wir im Auftrag der Gemeinde Lamspringe den abwehrenden Brandschutz sowie die technische Hilfeleistung in den Ortschaften Woltershausen und Hornsen. Neben klassischen Brandeins\u00e4tzen jeglicher Art z\u00e4hlt auch die Hilfeleistung zu unserem Aufgabengebiet. Diese umfasst ein breites Spektrum: Verkehrsunf\u00e4lle, umgest\u00fcrzte B\u00e4ume, T\u00fcr\u00f6ffnungen oder Tragehilfen f\u00fcr den Rettungsdienst sind nur einige Beispiele.<\/p>\n\n\n\n<p>Bei gr\u00f6\u00dferen Schadenslagen reicht eine einzelne Feuerwehr oft nicht aus. Deshalb werden wir regelm\u00e4\u00dfig zu Eins\u00e4tzen im gesamten Gemeindegebiet alarmiert. \u00dcberflutete Stra\u00dfen, Scheunenbr\u00e4nde oder ein brennender Bus sind nur einige der Szenarien, bei denen wir zum Einsatz kommen. Dabei sind wir in sogenannte Z\u00fcge organisiert. Gemeinsam mit den Feuerwehren aus Graste und Netze bilden wir den dritten Zug.<\/p>\n\n\n\n<p>Gelegentlich leisten wir auch sogenannte Nachbarschaftshilfe \u2013 das bedeutet, dass wir unser Einsatzgebiet verlassen, um benachbarte Feuerwehren zu unterst\u00fctzen. Ein typisches Beispiel hierf\u00fcr ist das immer h\u00e4ufiger auftretende Hochwasser.<\/p>\n\n\n\n<p>Nat\u00fcrlich dreht sich bei uns nicht alles nur um Eins\u00e4tze. Als aktive Gruppe pflegen wir auch das Gemeinschaftsleben. So richten wir beispielsweise das traditionelle Brauchtumsfeuer in unserem Ort aus und nehmen an Veranstaltungen im Dorfleben teil. Auch bei Feuerwehrfesten benachbarter Wehren sind wir vertreten. Dies zeigt: Die Feuerwehr ist nicht nur Einsatzdienst, sondern eine starke, kameradschaftliche Gemeinschaft.<br data-start=\"2013\" data-end=\"2016\"><strong data-start=\"2016\" data-end=\"2053\">Sagen auch Sie: Ja zur Feuerwehr!<\/strong><\/p>\n\n\n\n<p>Haben wir Ihr Interesse geweckt? Dann schauen Sie doch einfach mal bei einem unserer Dienstabende vorbei \u2013 egal, ob Sie Quereinsteiger sind oder bereits Erfahrung mitbringen: Bei uns ist jeder herzlich willkommen!<\/p>\n\n\n\n<p>&nbsp;<\/p>\n\n\n\n<h3 class=\"wp-block-heading\">Dienstabende:<\/h3>\n\n\n\n<ul class=\"wp-block-list\">\n<li>Wann: alle 2 Wochen Freitags (Ungerade Kalenderwochen) von 19:00 Uhr bis 21:00 Uhr<\/li>\n\n\n\n<li>Wo: Feuerwehrhaus Woltershausen, Hoher Weg 19, 31195 Lamspringe \/Woltershausen<\/li>\n<\/ul>\n\n\n\n<h3 class=\"wp-block-heading\">Ansprechpartner<\/h3>\n\n\n<div class='rt-container-fluid rt-team-container rt-pos-r rt-team-container-666' id='rt-team-container-673211392'  data-layout='layout1' data-desktop-col='1'  data-tab-col='1'  data-mobile-col='1' data-sc-id='666' data-popup-bg=''><div data-title='Loading ...' class='rt-row rt-content-loader layout1 ttp-even ttp-pre-loader'><div class=\"rt-col-md-12 rt-col-sm-12 rt-col-xs-12  even-grid-item rt-grid-item\" data-id=\"602\"><div class=\"single-team-area\"><div class=\"single-team\"><figure><img loading=\"lazy\" decoding=\"async\" width=\"800\" height=\"1200\" src=\"https:\/\/feuerwehrwoltershausen.de\/feuerwehrwoltershausen\/wp-content\/uploads\/2014\/05\/christian_bartens.png\" class=\"img-responsive rt-team-img\" alt=\"Bild vom Stellvertretenden Ortsbrandmeister\" \/><\/figure><\/div><div class=\"tlp-content\"><h3><span class=\"team-name\">Christian Bartens<\/span><\/h3><div class=\"tlp-position\">1.Gruppenf\u00fchrer, Ortsbrandmeister<\/div><\/div><div class=\"readmore-btn hirme-resume\"><\/div><div class=\"readmore-btn tlp-readmore-button\"><a class=\"rt-ream-me-btn disabled\" data-id=\"602\" target=\"_self\" title=\"Christian Bartens\" href=\"https:\/\/feuerwehrwoltershausen.de\/feuerwehrwoltershausen\/team\/christian-bartens\/\">Read More<\/a><\/div><\/div><\/div><div class=\"rt-loading-overlay\"><\/div><div class=\"rt-loading rt-ball-clip-rotate\"><div><\/div><\/div><\/div><\/div>\n\n\n<p><\/p>\n\n\n\n<figure class=\"wp-block-image aligncenter size-full wp-duotone-unset-1\"><a href=\"https:\/\/www.jazurfeuerwehr.de\/\"><img loading=\"lazy\" decoding=\"async\" width=\"879\" height=\"312\" src=\"https:\/\/feuerwehrwoltershausen.de\/feuerwehrwoltershausen2026\/wp-content\/uploads\/2026\/01\/ja_zur_feuerhwer_webbanner_155x55.jpg\" alt=\"\" class=\"wp-image-848\" srcset=\"https:\/\/feuerwehrwoltershausen.de\/feuerwehrwoltershausen\/wp-content\/uploads\/2026\/01\/ja_zur_feuerhwer_webbanner_155x55.jpg 879w, https:\/\/feuerwehrwoltershausen.de\/feuerwehrwoltershausen\/wp-content\/uploads\/2026\/01\/ja_zur_feuerhwer_webbanner_155x55-300x106.jpg 300w, https:\/\/feuerwehrwoltershausen.de\/feuerwehrwoltershausen\/wp-content\/uploads\/2026\/01\/ja_zur_feuerhwer_webbanner_155x55-768x273.jpg 768w\" sizes=\"auto, (max-width: 879px) 100vw, 879px\" \/><\/a><\/figure>\n\n\n\n<p><\/p>\n","protected":false},"excerpt":{"rendered":"<p>Mit Vollendung des 16. Lebensjahres besteht die M\u00f6glichkeit, der Freiwilligen Feuerwehr als aktives Mitglied beizutreten.Die aktive Gruppe besteht aus Kameradinnen und Kameraden, die ehrenamtlich und unentgeltlich einsatzbereit sind, um im [&hellip;]<\/p>\n","protected":false},"author":1,"featured_media":0,"parent":0,"menu_order":16,"comment_status":"closed","ping_status":"open","template":"","meta":{"_lmt_disableupdate":"","_lmt_disable":"","site-sidebar-layout":"default","site-content-layout":"","ast-site-content-layout":"default","site-content-style":"default","site-sidebar-style":"default","ast-global-header-display":"","ast-banner-title-visibility":"","ast-main-header-display":"","ast-hfb-above-header-display":"","ast-hfb-below-header-display":"","ast-hfb-mobile-header-display":"","site-post-title":"","ast-breadcrumbs-content":"","ast-featured-img":"","footer-sml-layout":"","ast-disable-related-posts":"","theme-transparent-header-meta":"","adv-header-id-meta":"","stick-header-meta":"","header-above-stick-meta":"","header-main-stick-meta":"","header-below-stick-meta":"","astra-migrate-meta-layouts":"default","ast-page-background-enabled":"default","ast-page-background-meta":{"desktop":{"background-color":"var(--ast-global-color-5)","background-image":"","background-repeat":"repeat","background-position":"center center","background-size":"auto","background-attachment":"scroll","background-type":"","background-media":"","overlay-type":"","overlay-color":"","overlay-opacity":"","overlay-gradient":""},"tablet":{"background-color":"","background-image":"","background-repeat":"repeat","background-position":"center center","background-size":"auto","background-attachment":"scroll","background-type":"","background-media":"","overlay-type":"","overlay-color":"","overlay-opacity":"","overlay-gradient":""},"mobile":{"background-color":"","background-image":"","background-repeat":"repeat","background-position":"center center","background-size":"auto","background-attachment":"scroll","background-type":"","background-media":"","overlay-type":"","overlay-color":"","overlay-opacity":"","overlay-gradient":""}},"ast-content-background-meta":{"desktop":{"background-color":"var(--ast-global-color-4)","background-image":"","background-repeat":"repeat","background-position":"center center","background-size":"auto","background-attachment":"scroll","background-type":"","background-media":"","overlay-type":"","overlay-color":"","overlay-opacity":"","overlay-gradient":""},"tablet":{"background-color":"var(--ast-global-color-4)","background-image":"","background-repeat":"repeat","background-position":"center center","background-size":"auto","background-attachment":"scroll","background-type":"","background-media":"","overlay-type":"","overlay-color":"","overlay-opacity":"","overlay-gradient":""},"mobile":{"background-color":"var(--ast-global-color-4)","background-image":"","background-repeat":"repeat","background-position":"center center","background-size":"auto","background-attachment":"scroll","background-type":"","background-media":"","overlay-type":"","overlay-color":"","overlay-opacity":"","overlay-gradient":""}},"footnotes":""},"class_list":["post-98","page","type-page","status-publish","hentry"],"_links":{"self":[{"href":"https:\/\/feuerwehrwoltershausen.de\/feuerwehrwoltershausen\/wp-json\/wp\/v2\/pages\/98","targetHints":{"allow":["GET"]}}],"collection":[{"href":"https:\/\/feuerwehrwoltershausen.de\/feuerwehrwoltershausen\/wp-json\/wp\/v2\/pages"}],"about":[{"href":"https:\/\/feuerwehrwoltershausen.de\/feuerwehrwoltershausen\/wp-json\/wp\/v2\/types\/page"}],"author":[{"embeddable":true,"href":"https:\/\/feuerwehrwoltershausen.de\/feuerwehrwoltershausen\/wp-json\/wp\/v2\/users\/1"}],"replies":[{"embeddable":true,"href":"https:\/\/feuerwehrwoltershausen.de\/feuerwehrwoltershausen\/wp-json\/wp\/v2\/comments?post=98"}],"version-history":[{"count":5,"href":"https:\/\/feuerwehrwoltershausen.de\/feuerwehrwoltershausen\/wp-json\/wp\/v2\/pages\/98\/revisions"}],"predecessor-version":[{"id":850,"href":"https:\/\/feuerwehrwoltershausen.de\/feuerwehrwoltershausen\/wp-json\/wp\/v2\/pages\/98\/revisions\/850"}],"wp:attachment":[{"href":"https:\/\/feuerwehrwoltershausen.de\/feuerwehrwoltershausen\/wp-json\/wp\/v2\/media?parent=98"}],"curies":[{"name":"wp","href":"https:\/\/api.w.org\/{rel}","templated":true}]}}